{"id":23330,"date":"2026-04-17T11:17:01","date_gmt":"2026-04-17T09:17:01","guid":{"rendered":"https:\/\/clusterfamilyoffice.com\/?page_id=23330"},"modified":"2026-04-17T11:17:37","modified_gmt":"2026-04-17T09:17:37","slug":"alfonso-carrillo","status":"publish","type":"page","link":"https:\/\/clusterfamilyoffice.com\/en\/alfonso-carrillo\/","title":{"rendered":"Alfonso Carrillo"},"content":{"rendered":"\t\t<div data-elementor-type=\"wp-page\" data-elementor-id=\"23330\" class=\"elementor elementor-23330\" data-elementor-post-type=\"page\">\n\t\t\t\t<div class=\"elementor-element elementor-element-f44880b e-flex e-con-boxed e-con e-parent\" data-id=\"f44880b\" data-element_type=\"container\" data-e-type=\"container\" data-settings=\"{&quot;background_background&quot;:&quot;classic&quot;}\">\n\t\t\t\t\t<div class=\"e-con-inner\">\n\t\t\t\t<div class=\"elementor-element elementor-element-6cf2696 elementor-widget elementor-widget-heading\" data-id=\"6cf2696\" data-element_type=\"widget\" data-e-type=\"widget\" data-widget_type=\"heading.default\">\n\t\t\t\t<div class=\"elementor-widget-container\">\n\t\t\t\t\t<h1 class=\"elementor-heading-title elementor-size-default\">Alfonso Carrillo<\/h1>\t\t\t\t<\/div>\n\t\t\t\t<\/div>\n\t\t\t\t\t<\/div>\n\t\t\t\t<\/div>\n\t\t<div class=\"elementor-element elementor-element-56c2a0d e-flex e-con-boxed e-con e-parent\" data-id=\"56c2a0d\" data-element_type=\"container\" data-e-type=\"container\">\n\t\t\t\t\t<div class=\"e-con-inner\">\n\t\t\t\t<div class=\"elementor-element elementor-element-5d4cdea elementor-widget elementor-widget-html\" data-id=\"5d4cdea\" data-element_type=\"widget\" data-e-type=\"widget\" data-widget_type=\"html.default\">\n\t\t\t\t<div class=\"elementor-widget-container\">\n\t\t\t\t\t\t\t\t\t<\/div>\n\t\t\t\t<\/div>\n\t\t\t\t\t<\/div>\n\t\t\t\t<\/div>\n\t\t\t\t<section class=\"elementor-section elementor-top-section elementor-element elementor-element-db0ebc4 elementor-section-boxed elementor-section-height-default elementor-section-height-default\" data-id=\"db0ebc4\" data-element_type=\"section\" data-e-type=\"section\">\n\t\t\t\t\t\t<div class=\"elementor-container elementor-column-gap-default\">\n\t\t\t\t\t<div class=\"elementor-column elementor-col-100 elementor-top-column elementor-element elementor-element-6b6896a\" data-id=\"6b6896a\" data-element_type=\"column\" data-e-type=\"column\">\n\t\t\t<div class=\"elementor-widget-wrap elementor-element-populated\">\n\t\t\t\t\t\t<div class=\"elementor-element elementor-element-95a02c3 elementor-widget elementor-widget-heading\" data-id=\"95a02c3\" data-element_type=\"widget\" data-e-type=\"widget\" data-widget_type=\"heading.default\">\n\t\t\t\t<div class=\"elementor-widget-container\">\n\t\t\t\t\t<h3 class=\"elementor-heading-title elementor-size-default\">Partner<\/h3>\t\t\t\t<\/div>\n\t\t\t\t<\/div>\n\t\t\t\t<div class=\"elementor-element elementor-element-9d0abad elementor-widget elementor-widget-image\" data-id=\"9d0abad\" data-element_type=\"widget\" data-e-type=\"widget\" data-widget_type=\"image.default\">\n\t\t\t\t<div class=\"elementor-widget-container\">\n\t\t\t\t\t\t\t\t\t\t\t\t\t\t\t<img decoding=\"async\" width=\"200\" height=\"200\" src=\"https:\/\/clusterfamilyoffice.com\/wp-content\/uploads\/2026\/04\/Cluster-Family-Office-Alfonso-Carrillo.jpg\" class=\"attachment-large size-large wp-image-486\" alt=\"\" srcset=\"https:\/\/clusterfamilyoffice.com\/wp-content\/uploads\/2026\/04\/Cluster-Family-Office-Alfonso-Carrillo.jpg 200w, https:\/\/clusterfamilyoffice.com\/wp-content\/uploads\/2026\/04\/Cluster-Family-Office-Alfonso-Carrillo-150x150.jpg 150w, https:\/\/clusterfamilyoffice.com\/wp-content\/uploads\/2026\/04\/Cluster-Family-Office-Alfonso-Carrillo-12x12.jpg 12w\" sizes=\"(max-width: 200px) 100vw, 200px\" \/>\t\t\t\t\t\t\t\t\t\t\t\t\t\t\t<\/div>\n\t\t\t\t<\/div>\n\t\t\t\t<div class=\"elementor-element elementor-element-91fad95 elementor-widget__width-initial elementor-widget-mobile__width-initial elementor-widget elementor-widget-text-editor\" data-id=\"91fad95\" data-element_type=\"widget\" data-e-type=\"widget\" data-widget_type=\"text-editor.default\">\n\t\t\t\t<div class=\"elementor-widget-container\">\n\t\t\t\t\t\t\t\t\t<p>Es Global Executive MBA por la University of Miami (USA), cuenta con diversas especializaciones en finanzas forporativas, tasaci\u00f3n de negocios e intangibles, M&amp;A, y gobierno corporativo. Es Licenciado en Contadur\u00eda P\u00fablica por el Instituto Tecnol\u00f3gico y de Estudios Superiores de Occidente (M\u00e9xico).<\/p><p>Tiene 20 a\u00f1os de experiencia en el sector financiero habiendo sido Directivo de importantes instituciones como GRUPO BITAL- HSBC, INVEX NAFINSA y GRUPO FINANCIERO CREMI y 13 a\u00f1os como consejero. Ha colaborado como asesor externo en firmas globales l\u00edderes como Backer &amp; McKenzie, AON Risk Services y UBS. Es miembro del Advisory Board del Latin American Family Business Program de la University of Miami. Ha colaborado con Asesores en Consejo de Alta Direcci\u00f3n con One to One Corporate Finance, M Market M &amp; A. Co-fundador de Family Office Mexico y FOM Partners, representantes de Cluster Family Office Espa\u00f1a. Miembro numerario del Centro de Excelencia en Gobierno Corporativo de la Universidad An\u00e1huac del Sur &amp; Deloitte Touche.<\/p><p>Ha sido presidente de Instituto Mexicano de Ejecutivos de Finanzas Cap\u00edtulo Guadalajara y miembro de Comit\u00e9s Nacionales. Es Mandatario y Consejero Asesor de Importantes empresas nacionales e Internacionales como Grupo Urrea Herramientas, entre otras. Ha sido especialista financiero en IFECOM. Catedr\u00e1tico de Finanzas Corporativas en ITESO, UP e ITESM en Guadalajara M\u00e9xico.<\/p>\t\t\t\t\t\t\t\t<\/div>\n\t\t\t\t<\/div>\n\t\t\t\t\t<\/div>\n\t\t<\/div>\n\t\t\t\t\t<\/div>\n\t\t<\/section>\n\t\t\t\t<section class=\"elementor-section elementor-top-section elementor-element elementor-element-92b7e58 elementor-section-content-middle elementor-section-boxed elementor-section-height-default elementor-section-height-default\" data-id=\"92b7e58\" data-element_type=\"section\" data-e-type=\"section\" data-settings=\"{&quot;background_background&quot;:&quot;classic&quot;}\">\n\t\t\t\t\t\t<div class=\"elementor-container elementor-column-gap-default\">\n\t\t\t\t\t<div class=\"elementor-column elementor-col-50 elementor-top-column elementor-element elementor-element-ee2b1e4\" data-id=\"ee2b1e4\" data-element_type=\"column\" data-e-type=\"column\">\n\t\t\t<div class=\"elementor-widget-wrap elementor-element-populated\">\n\t\t\t\t\t\t<div class=\"elementor-element elementor-element-ede046c elementor-widget elementor-widget-heading\" data-id=\"ede046c\" data-element_type=\"widget\" data-e-type=\"widget\" data-widget_type=\"heading.default\">\n\t\t\t\t<div class=\"elementor-widget-container\">\n\t\t\t\t\t<h2 class=\"elementor-heading-title elementor-size-default\">\u00bfHablamos? te llamamos<\/h2>\t\t\t\t<\/div>\n\t\t\t\t<\/div>\n\t\t\t\t<div class=\"elementor-element elementor-element-644132e elementor-widget elementor-widget-text-editor\" data-id=\"644132e\" data-element_type=\"widget\" data-e-type=\"widget\" data-widget_type=\"text-editor.default\">\n\t\t\t\t<div class=\"elementor-widget-container\">\n\t\t\t\t\t\t\t\t\t<p>Podemos ayudarte y hacer crecer tu patrimonio.<br \/>Completa el formulario, te llamamos antes de 48 horas<\/p>\t\t\t\t\t\t\t\t<\/div>\n\t\t\t\t<\/div>\n\t\t\t\t\t<\/div>\n\t\t<\/div>\n\t\t\t\t<div class=\"elementor-column elementor-col-50 elementor-top-column elementor-element elementor-element-f7f7d90\" data-id=\"f7f7d90\" data-element_type=\"column\" data-e-type=\"column\">\n\t\t\t<div class=\"elementor-widget-wrap elementor-element-populated\">\n\t\t\t\t\t\t<div class=\"elementor-element elementor-element-143484f elementor-widget elementor-widget-heading\" data-id=\"143484f\" data-element_type=\"widget\" data-e-type=\"widget\" data-widget_type=\"heading.default\">\n\t\t\t\t<div class=\"elementor-widget-container\">\n\t\t\t\t\t<h2 class=\"elementor-heading-title elementor-size-default\">\u00bfC\u00f3mo podemos ayudarte? *\n\n<\/h2>\t\t\t\t<\/div>\n\t\t\t\t<\/div>\n\t\t\t\t<div class=\"elementor-element elementor-element-847e86e elementor-button-align-stretch elementor-widget elementor-widget-global elementor-global-535 elementor-widget-form\" data-id=\"847e86e\" data-element_type=\"widget\" data-e-type=\"widget\" data-settings=\"{&quot;button_width&quot;:&quot;40&quot;,&quot;step_next_label&quot;:&quot;Next&quot;,&quot;step_previous_label&quot;:&quot;Previous&quot;,&quot;step_type&quot;:&quot;number_text&quot;,&quot;step_icon_shape&quot;:&quot;circle&quot;}\" data-widget_type=\"form.default\">\n\t\t\t\t<div class=\"elementor-widget-container\">\n\t\t\t\t\t\t\t<form class=\"elementor-form\" method=\"post\" name=\"New Form\" aria-label=\"New Form\">\n\t\t\t<input type=\"hidden\" name=\"post_id\" value=\"23330\"\/>\n\t\t\t<input type=\"hidden\" name=\"form_id\" value=\"847e86e\"\/>\n\t\t\t<input type=\"hidden\" name=\"referer_title\" value=\"\" \/>\n\n\t\t\t\n\t\t\t<div class=\"elementor-form-fields-wrapper elementor-labels-\">\n\t\t\t\t\t\t\t\t<div class=\"elementor-field-type-select elementor-field-group elementor-column elementor-field-group-servicio elementor-col-50 elementor-field-required\">\n\t\t\t\t\t\t\t\t\t\t\t\t<label for=\"form-field-servicio\" class=\"elementor-field-label elementor-screen-only\">\n\t\t\t\t\t\t\t\tServicio\t\t\t\t\t\t\t<\/label>\n\t\t\t\t\t\t\t\t<div class=\"elementor-field elementor-select-wrapper remove-before \">\n\t\t\t<div class=\"select-caret-down-wrapper\">\n\t\t\t\t<i aria-hidden=\"true\" class=\"eicon-caret-down\"><\/i>\t\t\t<\/div>\n\t\t\t<select name=\"form_fields[servicio]\" id=\"form-field-servicio\" class=\"elementor-field-textual elementor-size-sm\" required=\"required\">\n\t\t\t\t\t\t\t\t\t<option value=\"Asesor\u00eda y gesti\u00f3n financiera y patrimonial\">Asesor\u00eda y gesti\u00f3n financiera y patrimonial<\/option>\n\t\t\t\t\t\t\t\t\t<option value=\"Creaci\u00f3n de un Family Office\">Creaci\u00f3n de un Family Office<\/option>\n\t\t\t\t\t\t\t\t\t<option value=\"Consultor\u00eda y apoyo - Family Office\">Consultor\u00eda y apoyo - Family Office<\/option>\n\t\t\t\t\t\t\t\t\t<option value=\"Asesor\u00eda deportistas o artistas\">Asesor\u00eda deportistas o artistas<\/option>\n\t\t\t\t\t\t\t\t\t<option value=\"Asesor\u00eda private equity\">Asesor\u00eda private equity<\/option>\n\t\t\t\t\t\t\t\t\t<option value=\"Asesor\u00eda fiscal y legal\">Asesor\u00eda fiscal y legal<\/option>\n\t\t\t\t\t\t\t<\/select>\n\t\t<\/div>\n\t\t\t\t\t\t<\/div>\n\t\t\t\t\t\t\t\t<div class=\"elementor-field-type-text elementor-field-group elementor-column elementor-field-group-name elementor-col-50 elementor-field-required\">\n\t\t\t\t\t\t\t\t\t\t\t\t<label for=\"form-field-name\" class=\"elementor-field-label elementor-screen-only\">\n\t\t\t\t\t\t\t\tNombre\t\t\t\t\t\t\t<\/label>\n\t\t\t\t\t\t\t\t\t\t\t\t\t\t<input size=\"1\" type=\"text\" name=\"form_fields[name]\" id=\"form-field-name\" class=\"elementor-field elementor-size-sm  elementor-field-textual\" placeholder=\"Nombre:*\" required=\"required\">\n\t\t\t\t\t\t\t\t\t\t\t<\/div>\n\t\t\t\t\t\t\t\t<div class=\"elementor-field-type-tel elementor-field-group elementor-column elementor-field-group-phone elementor-col-50 elementor-field-required\">\n\t\t\t\t\t\t\t\t\t\t\t\t<label for=\"form-field-phone\" class=\"elementor-field-label elementor-screen-only\">\n\t\t\t\t\t\t\t\tTel\u00e9fono\t\t\t\t\t\t\t<\/label>\n\t\t\t\t\t\t\t\t<input size=\"1\" type=\"tel\" name=\"form_fields[phone]\" id=\"form-field-phone\" class=\"elementor-field elementor-size-sm  elementor-field-textual\" placeholder=\"Tel\u00e9fono:*\" required=\"required\" pattern=\"[0-9()#&amp;+*-=.]+\" title=\"Only numbers and phone characters (#, -, *, etc) are accepted.\">\n\n\t\t\t\t\t\t<\/div>\n\t\t\t\t\t\t\t\t<div class=\"elementor-field-group elementor-column elementor-field-type-submit elementor-col-40 e-form__buttons\">\n\t\t\t\t\t<button class=\"elementor-button elementor-size-sm\" type=\"submit\">\n\t\t\t\t\t\t<span class=\"elementor-button-content-wrapper\">\n\t\t\t\t\t\t\t\t\t\t\t\t\t\t\t\t\t\t\t\t\t\t<span class=\"elementor-button-text\">Llamadme pronto<\/span>\n\t\t\t\t\t\t\t\t\t\t\t\t\t<\/span>\n\t\t\t\t\t<\/button>\n\t\t\t\t<\/div>\n\t\t\t<\/div>\n\t\t<\/form>\n\t\t\t\t\t\t<\/div>\n\t\t\t\t<\/div>\n\t\t\t\t\t<\/div>\n\t\t<\/div>\n\t\t\t\t\t<\/div>\n\t\t<\/section>\n\t\t\t\t<\/div>\n\t\t","protected":false},"excerpt":{"rendered":"<p>Alfonso Carrillo Partner Es Global Executive MBA por la University of Miami (USA), cuenta con diversas especializaciones en finanzas forporativas, tasaci\u00f3n de negocios e intangibles, M&amp;A, y gobierno corporativo. Es Licenciado en Contadur\u00eda P\u00fablica por el Instituto Tecnol\u00f3gico y de Estudios Superiores de Occidente (M\u00e9xico). Tiene 20 a\u00f1os de experiencia en el sector financiero habiendo [&hellip;]<\/p>\n","protected":false},"author":2,"featured_media":0,"parent":0,"menu_order":0,"comment_status":"closed","ping_status":"closed","template":"elementor_header_footer","meta":{"footnotes":""},"class_list":["post-23330","page","type-page","status-publish","hentry"],"_links":{"self":[{"href":"https:\/\/clusterfamilyoffice.com\/en\/wp-json\/wp\/v2\/pages\/23330","targetHints":{"allow":["GET"]}}],"collection":[{"href":"https:\/\/clusterfamilyoffice.com\/en\/wp-json\/wp\/v2\/pages"}],"about":[{"href":"https:\/\/clusterfamilyoffice.com\/en\/wp-json\/wp\/v2\/types\/page"}],"author":[{"embeddable":true,"href":"https:\/\/clusterfamilyoffice.com\/en\/wp-json\/wp\/v2\/users\/2"}],"replies":[{"embeddable":true,"href":"https:\/\/clusterfamilyoffice.com\/en\/wp-json\/wp\/v2\/comments?post=23330"}],"version-history":[{"count":0,"href":"https:\/\/clusterfamilyoffice.com\/en\/wp-json\/wp\/v2\/pages\/23330\/revisions"}],"wp:attachment":[{"href":"https:\/\/clusterfamilyoffice.com\/en\/wp-json\/wp\/v2\/media?parent=23330"}],"curies":[{"name":"wp","href":"https:\/\/api.w.org\/{rel}","templated":true}]}}