{"id":23320,"date":"2026-04-17T11:13:27","date_gmt":"2026-04-17T09:13:27","guid":{"rendered":"https:\/\/clusterfamilyoffice.com\/?page_id=23320"},"modified":"2026-04-17T11:14:29","modified_gmt":"2026-04-17T09:14:29","slug":"gian-paolo-amato","status":"publish","type":"page","link":"https:\/\/clusterfamilyoffice.com\/en\/gian-paolo-amato\/","title":{"rendered":"Gian Paolo Amato"},"content":{"rendered":"\t\t<div data-elementor-type=\"wp-page\" data-elementor-id=\"23320\" class=\"elementor elementor-23320\" data-elementor-post-type=\"page\">\n\t\t\t\t<div class=\"elementor-element elementor-element-f44880b e-flex e-con-boxed e-con e-parent\" data-id=\"f44880b\" data-element_type=\"container\" data-e-type=\"container\" data-settings=\"{&quot;background_background&quot;:&quot;classic&quot;}\">\n\t\t\t\t\t<div class=\"e-con-inner\">\n\t\t\t\t<div class=\"elementor-element elementor-element-6cf2696 elementor-widget elementor-widget-heading\" data-id=\"6cf2696\" data-element_type=\"widget\" data-e-type=\"widget\" data-widget_type=\"heading.default\">\n\t\t\t\t<div class=\"elementor-widget-container\">\n\t\t\t\t\t<h1 class=\"elementor-heading-title elementor-size-default\">Gian Paolo Amato\n<\/h1>\t\t\t\t<\/div>\n\t\t\t\t<\/div>\n\t\t\t\t\t<\/div>\n\t\t\t\t<\/div>\n\t\t<div class=\"elementor-element elementor-element-56c2a0d e-flex e-con-boxed e-con e-parent\" data-id=\"56c2a0d\" data-element_type=\"container\" data-e-type=\"container\">\n\t\t\t\t\t<div class=\"e-con-inner\">\n\t\t\t\t<div class=\"elementor-element elementor-element-5d4cdea elementor-widget elementor-widget-html\" data-id=\"5d4cdea\" data-element_type=\"widget\" data-e-type=\"widget\" data-widget_type=\"html.default\">\n\t\t\t\t<div class=\"elementor-widget-container\">\n\t\t\t\t\t\t\t\t\t<\/div>\n\t\t\t\t<\/div>\n\t\t\t\t\t<\/div>\n\t\t\t\t<\/div>\n\t\t\t\t<section class=\"elementor-section elementor-top-section elementor-element elementor-element-533962a elementor-section-boxed elementor-section-height-default elementor-section-height-default\" data-id=\"533962a\" data-element_type=\"section\" data-e-type=\"section\">\n\t\t\t\t\t\t<div class=\"elementor-container elementor-column-gap-default\">\n\t\t\t\t\t<div class=\"elementor-column elementor-col-100 elementor-top-column elementor-element elementor-element-0d2c395\" data-id=\"0d2c395\" data-element_type=\"column\" data-e-type=\"column\">\n\t\t\t<div class=\"elementor-widget-wrap elementor-element-populated\">\n\t\t\t\t\t\t<div class=\"elementor-element elementor-element-03e1b57 elementor-widget elementor-widget-heading\" data-id=\"03e1b57\" data-element_type=\"widget\" data-e-type=\"widget\" data-widget_type=\"heading.default\">\n\t\t\t\t<div class=\"elementor-widget-container\">\n\t\t\t\t\t<h3 class=\"elementor-heading-title elementor-size-default\">Managing Partner<\/h3>\t\t\t\t<\/div>\n\t\t\t\t<\/div>\n\t\t\t\t<div class=\"elementor-element elementor-element-77180a9 elementor-widget elementor-widget-image\" data-id=\"77180a9\" data-element_type=\"widget\" data-e-type=\"widget\" data-widget_type=\"image.default\">\n\t\t\t\t<div class=\"elementor-widget-container\">\n\t\t\t\t\t\t\t\t\t\t\t\t\t\t\t<img decoding=\"async\" width=\"200\" height=\"200\" src=\"https:\/\/clusterfamilyoffice.com\/wp-content\/uploads\/2026\/04\/Cluster-Family-Office-Gian-Amato.jpg\" class=\"attachment-large size-large wp-image-484\" alt=\"\" srcset=\"https:\/\/clusterfamilyoffice.com\/wp-content\/uploads\/2026\/04\/Cluster-Family-Office-Gian-Amato.jpg 200w, https:\/\/clusterfamilyoffice.com\/wp-content\/uploads\/2026\/04\/Cluster-Family-Office-Gian-Amato-150x150.jpg 150w, https:\/\/clusterfamilyoffice.com\/wp-content\/uploads\/2026\/04\/Cluster-Family-Office-Gian-Amato-12x12.jpg 12w\" sizes=\"(max-width: 200px) 100vw, 200px\" \/>\t\t\t\t\t\t\t\t\t\t\t\t\t\t\t<\/div>\n\t\t\t\t<\/div>\n\t\t\t\t<div class=\"elementor-element elementor-element-ec08c2f elementor-widget__width-initial elementor-widget-mobile__width-initial elementor-widget elementor-widget-text-editor\" data-id=\"ec08c2f\" data-element_type=\"widget\" data-e-type=\"widget\" data-widget_type=\"text-editor.default\">\n\t\t\t\t<div class=\"elementor-widget-container\">\n\t\t\t\t\t\t\t\t\t<p>Analista de inversiones en renta fija, renta variable y private equity. Asesor en planificaci\u00f3n financiera, y en la creaci\u00f3n y gesti\u00f3n de estructuras internacionales de inversi\u00f3n y tenencia de activos. Previamente se desempe\u00f1\u00f3 como Financial Advisor en la divisi\u00f3n de Global Wealth Management en Merrill Lynch USA. En esta funci\u00f3n, era responsable de la gesti\u00f3n de carteras de inversiones y captaci\u00f3n de clientes en el sur de la Florida. Asimismo, trabaj\u00f3 en una empresa de consultor\u00eda de IT y proveedor de plataformas tecnol\u00f3gicas, donde ocup\u00f3 diversos cargos de responsabilidad.<\/p><p>Se incorpora a Cluster Family Office en Mayo de 2009. Es Licenciado en Administraci\u00f3n de Empresas, con una especializaci\u00f3n en International Business and Trade, por la Florida Atlantic University. Igualmente, cuenta con un Diploma en Ingenier\u00eda Inform\u00e1tica por el Broward College, un Postgrado en Gesti\u00f3n Patrimonial por el Institut d\u2019Estudis Financers, y un Master en Finanzas Corporativas por la Universidad de Barcelona. Asimismo, realiz\u00f3 el programa de Investment Decisions and Behavioral Finance de la John F. Kennedy School of Government en la Universidad de Harvard. Consultor de estudios universitarios especializado en Universidades de los EE.UU.<\/p>\t\t\t\t\t\t\t\t<\/div>\n\t\t\t\t<\/div>\n\t\t\t\t\t<\/div>\n\t\t<\/div>\n\t\t\t\t\t<\/div>\n\t\t<\/section>\n\t\t\t\t<section class=\"elementor-section elementor-top-section elementor-element elementor-element-92b7e58 elementor-section-content-middle elementor-section-boxed elementor-section-height-default elementor-section-height-default\" data-id=\"92b7e58\" data-element_type=\"section\" data-e-type=\"section\" data-settings=\"{&quot;background_background&quot;:&quot;classic&quot;}\">\n\t\t\t\t\t\t<div class=\"elementor-container elementor-column-gap-default\">\n\t\t\t\t\t<div class=\"elementor-column elementor-col-50 elementor-top-column elementor-element elementor-element-ee2b1e4\" data-id=\"ee2b1e4\" data-element_type=\"column\" data-e-type=\"column\">\n\t\t\t<div class=\"elementor-widget-wrap elementor-element-populated\">\n\t\t\t\t\t\t<div class=\"elementor-element elementor-element-ede046c elementor-widget elementor-widget-heading\" data-id=\"ede046c\" data-element_type=\"widget\" data-e-type=\"widget\" data-widget_type=\"heading.default\">\n\t\t\t\t<div class=\"elementor-widget-container\">\n\t\t\t\t\t<h2 class=\"elementor-heading-title elementor-size-default\">\u00bfHablamos? te llamamos<\/h2>\t\t\t\t<\/div>\n\t\t\t\t<\/div>\n\t\t\t\t<div class=\"elementor-element elementor-element-644132e elementor-widget elementor-widget-text-editor\" data-id=\"644132e\" data-element_type=\"widget\" data-e-type=\"widget\" data-widget_type=\"text-editor.default\">\n\t\t\t\t<div class=\"elementor-widget-container\">\n\t\t\t\t\t\t\t\t\t<p>Podemos ayudarte y hacer crecer tu patrimonio.<br \/>Completa el formulario, te llamamos antes de 48 horas<\/p>\t\t\t\t\t\t\t\t<\/div>\n\t\t\t\t<\/div>\n\t\t\t\t\t<\/div>\n\t\t<\/div>\n\t\t\t\t<div class=\"elementor-column elementor-col-50 elementor-top-column elementor-element elementor-element-f7f7d90\" data-id=\"f7f7d90\" data-element_type=\"column\" data-e-type=\"column\">\n\t\t\t<div class=\"elementor-widget-wrap elementor-element-populated\">\n\t\t\t\t\t\t<div class=\"elementor-element elementor-element-143484f elementor-widget elementor-widget-heading\" data-id=\"143484f\" data-element_type=\"widget\" data-e-type=\"widget\" data-widget_type=\"heading.default\">\n\t\t\t\t<div class=\"elementor-widget-container\">\n\t\t\t\t\t<h2 class=\"elementor-heading-title elementor-size-default\">\u00bfC\u00f3mo podemos ayudarte? *\n\n<\/h2>\t\t\t\t<\/div>\n\t\t\t\t<\/div>\n\t\t\t\t<div class=\"elementor-element elementor-element-847e86e elementor-button-align-stretch elementor-widget elementor-widget-global elementor-global-535 elementor-widget-form\" data-id=\"847e86e\" data-element_type=\"widget\" data-e-type=\"widget\" data-settings=\"{&quot;button_width&quot;:&quot;40&quot;,&quot;step_next_label&quot;:&quot;Next&quot;,&quot;step_previous_label&quot;:&quot;Previous&quot;,&quot;step_type&quot;:&quot;number_text&quot;,&quot;step_icon_shape&quot;:&quot;circle&quot;}\" data-widget_type=\"form.default\">\n\t\t\t\t<div class=\"elementor-widget-container\">\n\t\t\t\t\t\t\t<form class=\"elementor-form\" method=\"post\" name=\"New Form\" aria-label=\"New Form\">\n\t\t\t<input type=\"hidden\" name=\"post_id\" value=\"23320\"\/>\n\t\t\t<input type=\"hidden\" name=\"form_id\" value=\"847e86e\"\/>\n\t\t\t<input type=\"hidden\" name=\"referer_title\" value=\"\" \/>\n\n\t\t\t\n\t\t\t<div class=\"elementor-form-fields-wrapper elementor-labels-\">\n\t\t\t\t\t\t\t\t<div class=\"elementor-field-type-select elementor-field-group elementor-column elementor-field-group-servicio elementor-col-50 elementor-field-required\">\n\t\t\t\t\t\t\t\t\t\t\t\t<label for=\"form-field-servicio\" class=\"elementor-field-label elementor-screen-only\">\n\t\t\t\t\t\t\t\tServicio\t\t\t\t\t\t\t<\/label>\n\t\t\t\t\t\t\t\t<div class=\"elementor-field elementor-select-wrapper remove-before \">\n\t\t\t<div class=\"select-caret-down-wrapper\">\n\t\t\t\t<i aria-hidden=\"true\" class=\"eicon-caret-down\"><\/i>\t\t\t<\/div>\n\t\t\t<select name=\"form_fields[servicio]\" id=\"form-field-servicio\" class=\"elementor-field-textual elementor-size-sm\" required=\"required\">\n\t\t\t\t\t\t\t\t\t<option value=\"Asesor\u00eda y gesti\u00f3n financiera y patrimonial\">Asesor\u00eda y gesti\u00f3n financiera y patrimonial<\/option>\n\t\t\t\t\t\t\t\t\t<option value=\"Creaci\u00f3n de un Family Office\">Creaci\u00f3n de un Family Office<\/option>\n\t\t\t\t\t\t\t\t\t<option value=\"Consultor\u00eda y apoyo - Family Office\">Consultor\u00eda y apoyo - Family Office<\/option>\n\t\t\t\t\t\t\t\t\t<option value=\"Asesor\u00eda deportistas o artistas\">Asesor\u00eda deportistas o artistas<\/option>\n\t\t\t\t\t\t\t\t\t<option value=\"Asesor\u00eda private equity\">Asesor\u00eda private equity<\/option>\n\t\t\t\t\t\t\t\t\t<option value=\"Asesor\u00eda fiscal y legal\">Asesor\u00eda fiscal y legal<\/option>\n\t\t\t\t\t\t\t<\/select>\n\t\t<\/div>\n\t\t\t\t\t\t<\/div>\n\t\t\t\t\t\t\t\t<div class=\"elementor-field-type-text elementor-field-group elementor-column elementor-field-group-name elementor-col-50 elementor-field-required\">\n\t\t\t\t\t\t\t\t\t\t\t\t<label for=\"form-field-name\" class=\"elementor-field-label elementor-screen-only\">\n\t\t\t\t\t\t\t\tNombre\t\t\t\t\t\t\t<\/label>\n\t\t\t\t\t\t\t\t\t\t\t\t\t\t<input size=\"1\" type=\"text\" name=\"form_fields[name]\" id=\"form-field-name\" class=\"elementor-field elementor-size-sm  elementor-field-textual\" placeholder=\"Nombre:*\" required=\"required\">\n\t\t\t\t\t\t\t\t\t\t\t<\/div>\n\t\t\t\t\t\t\t\t<div class=\"elementor-field-type-tel elementor-field-group elementor-column elementor-field-group-phone elementor-col-50 elementor-field-required\">\n\t\t\t\t\t\t\t\t\t\t\t\t<label for=\"form-field-phone\" class=\"elementor-field-label elementor-screen-only\">\n\t\t\t\t\t\t\t\tTel\u00e9fono\t\t\t\t\t\t\t<\/label>\n\t\t\t\t\t\t\t\t<input size=\"1\" type=\"tel\" name=\"form_fields[phone]\" id=\"form-field-phone\" class=\"elementor-field elementor-size-sm  elementor-field-textual\" placeholder=\"Tel\u00e9fono:*\" required=\"required\" pattern=\"[0-9()#&amp;+*-=.]+\" title=\"Only numbers and phone characters (#, -, *, etc) are accepted.\">\n\n\t\t\t\t\t\t<\/div>\n\t\t\t\t\t\t\t\t<div class=\"elementor-field-group elementor-column elementor-field-type-submit elementor-col-40 e-form__buttons\">\n\t\t\t\t\t<button class=\"elementor-button elementor-size-sm\" type=\"submit\">\n\t\t\t\t\t\t<span class=\"elementor-button-content-wrapper\">\n\t\t\t\t\t\t\t\t\t\t\t\t\t\t\t\t\t\t\t\t\t\t<span class=\"elementor-button-text\">Llamadme pronto<\/span>\n\t\t\t\t\t\t\t\t\t\t\t\t\t<\/span>\n\t\t\t\t\t<\/button>\n\t\t\t\t<\/div>\n\t\t\t<\/div>\n\t\t<\/form>\n\t\t\t\t\t\t<\/div>\n\t\t\t\t<\/div>\n\t\t\t\t\t<\/div>\n\t\t<\/div>\n\t\t\t\t\t<\/div>\n\t\t<\/section>\n\t\t\t\t<\/div>\n\t\t","protected":false},"excerpt":{"rendered":"<p>Gian Paolo Amato Managing Partner Analista de inversiones en renta fija, renta variable y private equity. Asesor en planificaci\u00f3n financiera, y en la creaci\u00f3n y gesti\u00f3n de estructuras internacionales de inversi\u00f3n y tenencia de activos. Previamente se desempe\u00f1\u00f3 como Financial Advisor en la divisi\u00f3n de Global Wealth Management en Merrill Lynch USA. En esta funci\u00f3n, [&hellip;]<\/p>\n","protected":false},"author":2,"featured_media":0,"parent":0,"menu_order":0,"comment_status":"closed","ping_status":"closed","template":"elementor_header_footer","meta":{"footnotes":""},"class_list":["post-23320","page","type-page","status-publish","hentry"],"_links":{"self":[{"href":"https:\/\/clusterfamilyoffice.com\/en\/wp-json\/wp\/v2\/pages\/23320","targetHints":{"allow":["GET"]}}],"collection":[{"href":"https:\/\/clusterfamilyoffice.com\/en\/wp-json\/wp\/v2\/pages"}],"about":[{"href":"https:\/\/clusterfamilyoffice.com\/en\/wp-json\/wp\/v2\/types\/page"}],"author":[{"embeddable":true,"href":"https:\/\/clusterfamilyoffice.com\/en\/wp-json\/wp\/v2\/users\/2"}],"replies":[{"embeddable":true,"href":"https:\/\/clusterfamilyoffice.com\/en\/wp-json\/wp\/v2\/comments?post=23320"}],"version-history":[{"count":0,"href":"https:\/\/clusterfamilyoffice.com\/en\/wp-json\/wp\/v2\/pages\/23320\/revisions"}],"wp:attachment":[{"href":"https:\/\/clusterfamilyoffice.com\/en\/wp-json\/wp\/v2\/media?parent=23320"}],"curies":[{"name":"wp","href":"https:\/\/api.w.org\/{rel}","templated":true}]}}