{"id":23043,"date":"2026-04-09T12:42:32","date_gmt":"2026-04-09T10:42:32","guid":{"rendered":"https:\/\/clusterfamilyoffice.com\/?page_id=23043"},"modified":"2026-04-23T14:01:42","modified_gmt":"2026-04-23T12:01:42","slug":"politica-de-privacidad","status":"publish","type":"page","link":"https:\/\/clusterfamilyoffice.com\/en\/politica-de-privacidad\/","title":{"rendered":"Privacy policy"},"content":{"rendered":"<div data-elementor-type=\"wp-page\" data-elementor-id=\"23043\" class=\"elementor elementor-23043\" data-elementor-post-type=\"page\">\n\t\t\t\t<div class=\"elementor-element elementor-element-142a1df e-flex e-con-boxed e-con e-parent\" data-id=\"142a1df\" data-element_type=\"container\" data-e-type=\"container\" data-settings=\"{&quot;background_background&quot;:&quot;classic&quot;}\">\n\t\t\t\t\t<div class=\"e-con-inner\">\n\t\t\t\t<div class=\"elementor-element elementor-element-3628406 elementor-widget elementor-widget-heading\" data-id=\"3628406\" data-element_type=\"widget\" data-e-type=\"widget\" data-widget_type=\"heading.default\">\n\t\t\t\t<div class=\"elementor-widget-container\">\n\t\t\t\t\t<h1 class=\"elementor-heading-title elementor-size-default\">Privacy policy<\/h1>\t\t\t\t<\/div>\n\t\t\t\t<\/div>\n\t\t\t\t\t<\/div>\n\t\t\t\t<\/div>\n\t\t<div class=\"elementor-element elementor-element-c8ac610 e-flex e-con-boxed e-con e-parent\" data-id=\"c8ac610\" data-element_type=\"container\" data-e-type=\"container\">\n\t\t\t\t\t<div class=\"e-con-inner\">\n\t\t<div class=\"elementor-element elementor-element-03e9050 e-con-full e-flex e-con e-child\" data-id=\"03e9050\" data-element_type=\"container\" data-e-type=\"container\">\n\t\t\t\t<div class=\"elementor-element elementor-element-cfe870c elementor-widget elementor-widget-heading\" data-id=\"cfe870c\" data-element_type=\"widget\" data-e-type=\"widget\" data-widget_type=\"heading.default\">\n\t\t\t\t<div class=\"elementor-widget-container\">\n\t\t\t\t\t<h2 class=\"elementor-heading-title elementor-size-default\">POL\u00cdTICA DE PRIVACIDAD<\/h2>\t\t\t\t<\/div>\n\t\t\t\t<\/div>\n\t\t\t\t<div class=\"elementor-element elementor-element-cbb958d elementor-widget elementor-widget-text-editor\" data-id=\"cbb958d\" data-element_type=\"widget\" data-e-type=\"widget\" data-widget_type=\"text-editor.default\">\n\t\t\t\t<div class=\"elementor-widget-container\">\n\t\t\t\t\t\t\t\t\t<p>TITULAR DE LA WEB<\/p><ul><li aria-level=\"1\">Su denominaci\u00f3n social es:\u00a0 Cluster Family Office, S.L\u00a0<\/li><li aria-level=\"1\">Su CIF: B64727142<\/li><li aria-level=\"1\">Su actividad social es: Otros servicios independientes.<\/li><li aria-level=\"1\">Correo electr\u00f3nico:\u00a0<a href=\"mailto:info@clusterfamilyoffice.com\">info@clusterfamilyoffice.com<\/a><\/li><li aria-level=\"1\">Finalidad de sitio web: informaci\u00f3n comercial, informaci\u00f3n.<\/li><\/ul><p>PROTECCI\u00d3N DE DATOS PERSONALES<\/p><p>Responsable del tratamiento<\/p><p><b>Datos de contacto del responsable:<\/b>\u00a0Gian Amato<\/p><p><b>Correo electr\u00f3nico de contacto:<\/b>\u00a0<a href=\"mailto:info@clusterfamilyoffice.com\">info@clusterfamilyoffice.com<\/a>\u00a0<\/p><p>TUS DERECHOS DE PROTECCI\u00d3N DE DATOS<\/p><p><b>C\u00f3mo ejercitar tus derechos:<\/b>\u00a0Puedes dirigir una comunicaci\u00f3n por escrito al domicilio social de Cluster Family Office SL o a la direcci\u00f3n de correo electr\u00f3nico indicado en el encabezamiento de este aviso legal, incluyendo en ambos casos fotocopia de su DNI u otro documento identificativo similar, para solicitar el ejercicio de los derechos siguientes:<\/p><ul><li aria-level=\"1\"><b>Derecho a solicitar el acceso a los datos personales<\/b>: podr\u00e1s preguntar a Cluster Family Office SL si esta empresa est\u00e1 tratando tus datos.<\/li><li aria-level=\"1\"><b>Derecho a solicitar su rectificaci\u00f3n<\/b>\u00a0(en caso de que sean incorrectos).<\/li><li aria-level=\"1\"><b>Derecho a solicitar la limitaci\u00f3n de su tratamiento<\/b>, en cuyo caso \u00fanicamente ser\u00e1n conservados por Cluster Family Office SL para el ejercicio o la defensa de reclamaciones.<\/li><li aria-level=\"1\"><b>Derecho a oponerte al tratamiento<\/b>: Cluster Family Office SL dejar\u00e1\u00a0de tratar los datos en la forma que indiques, salvo que por motivos leg\u00edtimos imperiosos\u00a0o\u00a0el ejercicio o la defensa de posibles reclamaciones se tengan que seguir tratando.<\/li><li aria-level=\"1\"><b>Derecho a la portabilidad de los datos<\/b>: en caso de que quieras que tus datos sean tratados por otra firma, Cluster Family Office SL te facilitar\u00e1 la portabilidad de tus datos al nuevo responsable.<\/li><li aria-level=\"1\"><b>Derecho al borrado de los datos<\/b>: y salvo imperativo legal se borrar\u00e1n tras tu confirmaci\u00f3n.<\/li><\/ul><p><b>Modelos, formularios y m\u00e1s informaci\u00f3n sobre tus derechos:<\/b>\u00a0<a href=\"https:\/\/www.aepd.es\/index.html\" target=\"_blank\" rel=\"noopener\">P\u00e1gina oficial de la Agencia Espa\u00f1ola de Protecci\u00f3n de Datos<\/a><\/p><p><b>Posibilidad de retirar el consentimiento:<\/b>\u00a0en el caso de que hayas otorgado el consentimiento para alguna finalidad espec\u00edfica, tienes derecho a retirarlo en cualquier momento, sin que ello afecte a la licitud del tratamiento basado en el consentimiento previo a su retirada.<\/p><p><b>C\u00f3mo reclamar ante la Autoridad de Control:<\/b>\u00a0Si consideras que hay un problema con la forma en que Cluster Family Office SL est\u00e1 manejando tus datos, puedes dirigir tus reclamaciones al Responsable de Seguridad de Cluster Family Office SL (indicado arriba) o a la\u00a0autoridad de protecci\u00f3n de datos\u00a0que corresponda, siendo la\u00a0<a href=\"https:\/\/www.agpd.es\/\" target=\"_blank\" rel=\"noopener\">Agencia Espa\u00f1ola de Protecci\u00f3n de Datos<\/a>, la indicada en el caso de Espa\u00f1a.<\/p><p>Derecho al olvido y acceso a tus datos personales<\/p><p>En todo momento tendr\u00e1s derecho a revisar, recuperar, anonimizar y\/o borrar, total o parcialmente, los datos almacenados en el Sitio Web. Solo tienes que enviar un correo electr\u00f3nico a\u00a0<a href=\"mailto:info@clusterfamilyoffice.com\">info@clusterfamilyoffice.com<\/a>\u00a0y solicitarlo.<\/p><p>Final del formulario<\/p><p>Conservaci\u00f3n de los datos<\/p><p><b>Datos desagregados:<\/b>\u00a0Los datos desagregados ser\u00e1n conservados sin plazo de supresi\u00f3n.<\/p><p><b>Datos de los suscriptores al feed por e-mail:<\/b>\u00a0Desde que el usuario se suscribe hasta que se da de baja.<\/p><p><b>Datos de los suscriptores a la newsletter:<\/b>\u00a0Desde que el usuario se suscribe hasta que se da de baja.<\/p><p><b>Datos de usuarios subidos por Cluster Family Office SL\u00a0a p\u00e1ginas y perfiles en\u00a0redes sociales:<\/b>\u00a0Desde que el usuario ofrece su consentimiento hasta que lo retira.<\/p><p>Secreto y seguridad de los datos<\/p><p>Cluster Family Office SL se compromete en la utilizaci\u00f3n de los datos, a\u00a0<b>respetar su confidencialidad<\/b>\u00a0y a utilizarlos de acuerdo con la finalidad de los mismos, as\u00ed como a dar cumplimiento a su obligaci\u00f3n de guardarlos y adaptar todas las medidas para evitar la alteraci\u00f3n, p\u00e9rdida, tratamiento o acceso no autorizado, de conformidad con lo establecido en el Real Decreto 1720\/2007 de 21 de diciembre por el que se aprueba el Reglamento de desarrollo de la Ley Org\u00e1nica 15\/1999 de 13 de diciembre, de Protecci\u00f3n de Datos de Car\u00e1cter Personal.<\/p><p>T\u00fa garantizas que los datos personales facilitados a trav\u00e9s de los formularios son veraces, quedando obligado a comunicar cualquier modificaci\u00f3n de los mismos.<\/p><p>Igualmente, garantizas que toda la informaci\u00f3n facilitada corresponde con tu situaci\u00f3n real, que est\u00e1 puesta al d\u00eda y es exacta. Adem\u00e1s debes mantener en todo momento tus datos actualizados, siendo el \u00fanico responsable de la inexactitud o falsedad de los datos facilitados y de los perjuicios que pueda causar por ello a Cluster Family Office SL como titular de clusterfamilyoffice.com, o a terceros con motivo de la utilizaci\u00f3n de dicho.<\/p><p>Brechas de seguridad<\/p><p>Cluster Family Office SL adopta medidas de seguridad razonablemente adecuadas para detectar la existencia de virus, ataques de fuerza bruta e inyecciones de c\u00f3digo.<\/p><p>No obstante, debes ser consciente de que las medidas de seguridad de los sistemas inform\u00e1ticos en Internet no son enteramente fiables y que, por tanto Cluster Family Office SL no puede garantizar la inexistencia de virus u otros elementos que puedan producir alteraciones en los sistemas inform\u00e1ticos (software y hardware) del Usuario o en sus documentos electr\u00f3nicos y ficheros contenidos en los mismos.<\/p><p>A pesar de ello, para tratar de\u00a0<b>garantizar la seguridad y privacidad de tus datos personales<\/b>, clusterfamilyoffice.com dispone de un sistema de vigilancia de seguridad activo que informa de cada actividad de los usuarios y posibles brechas en la seguridad de los datos de los usuarios. En caso de detectarse alguna brecha, Cluster Family Office SL se compromete a\u00a0<b>informar a los usuarios en el plazo m\u00e1ximo de 72 horas<\/b>.<\/p><p>QU\u00c9 INFORMACI\u00d3N RECABAMOS DE LOS USUARIOS Y PARA QU\u00c9 LOS UTILIZAMOS<\/p><p>Todos los productos y servicios ofertados en el sitio web clusterfamilyoffice.com remiten a formularios de contacto, formularios de comentarios y formularios para efectuar registros de usuario, suscripci\u00f3n a newsletter y\/o pedidos de compra.<\/p><p>Este sitio web siempre requiere el consentimiento previo de los usuarios para tratar sus datos personales con los fines indicados. Tienes derecho a revocar tu consentimiento previo en cualquier momento.<\/p><p><b>Registro de actividades de tratamiento de los datos<\/b><\/p><p><b>Web y hosting:<\/b>\u00a0 clusterfamilyoffice.com cuenta con un cifrado SSL TLS v.1.2 que permite el env\u00edo seguro de datos personales a trav\u00e9s de formularios de contacto de tipo est\u00e1ndar,\u00a0alojados en los servidores\u00a0que Cluster Family Office SL ha contratado a\u00a0OVH hispano.<\/p><p><b>Datos recabados a trav\u00e9s de la web:<\/b>\u00a0Los datos personales recogidos ser\u00e1n objeto de tratamiento automatizado e incorporados a los correspondientes ficheros de los que Cluster Family Office SL es titular.<\/p><ul><li aria-level=\"1\">Nos llegar\u00e1 tu IP, que ser\u00e1 usada para comprobar el origen del mensaje con objeto de ofrecerte informaci\u00f3n, protecci\u00f3n contra comentarios SPAM y para detectar posibles irregularidades (por ejemplo: partes opuestas del mismo caso escriben en el sitio web desde la misma IP), as\u00ed como datos relativos a su ISP.<\/li><li aria-level=\"1\">Asimismo, podr\u00e1s facilitarnos tus datos a trav\u00e9s correo electr\u00f3nico y otros medios de comunicaci\u00f3n indicados en la secci\u00f3n de\u00a0contacto.<\/li><\/ul><p><b>Formulario de comentarios<\/b>: En la web existe la posibilidad de que los usuarios dejen comentarios a las publicaciones del sitio. Existe una cookie que almacena los datos facilitados por el usuario para que no tenga que volver a introducirlos en cada nueva visita y adem\u00e1s se recogen internamente la direcci\u00f3n de email, nombre, web y la direcci\u00f3n IP.<\/p><p>Los datos est\u00e1n almacenados en los servidores de OVH hispano.<\/p><p><b>Registro de usuarios<\/b>: No se admiten salvo petici\u00f3n expresa.<\/p><p><b>Correo electr\u00f3nico:<\/b>\u00a0Nuestro prestador de servicios de correo electr\u00f3nico es Google, Inc, a trav\u00e9s de\u00a0<a href=\"https:\/\/www.google.es\/intx\/es\/work\/apps\/business\/\" target=\"_blank\" rel=\"noopener\">Google Apps para empresas<\/a>.<\/p><p><b>\u00a0<\/b><\/p><p>Contenido incrustado desde otras webs<\/p><p>Los art\u00edculos de clusterfamilyoffice.com pueden incluir contenido incrustado (p.ej. v\u00eddeos, im\u00e1genes, art\u00edculos, etc.). El contenido incrustado desde otras webs se comporta del mismo modo que si el visitante ha visitado la otra web. Estas webs pueden recopilar datos sobre ti, usar cookies, incrustar seguimiento de terceros, y vigilar tu interacci\u00f3n con el contenido incrustado, incluido el seguimiento de tu interacci\u00f3n con el contenido incrustado si tienes una cuenta o est\u00e1s conectado a esa web.<\/p><p><b>Otros servicios:<\/b>\u00a0Ciertos servicios prestados a trav\u00e9s del sitio web clusterfamilyoffice.com pueden contener condiciones particulares con previsiones espec\u00edficas en materia de protecci\u00f3n de datos personales. Se hace indispensable su lectura y aceptaci\u00f3n con car\u00e1cter previo a la solicitud del servicio de que se trate.<\/p><p><b>Finalidad y legitimaci\u00f3n:<\/b>\u00a0La finalidad del tratamiento de estos datos ser\u00e1 \u00fanicamente la de prestarte la informaci\u00f3n o servicios que nos solicites.<\/p><p>Redes sociales<\/p><ul><li aria-level=\"1\"><b>Presencia en redes:<\/b>\u00a0clusterfamilyoffice.com cuenta con perfiles en algunas de las principales redes sociales de Internet.<\/li><li aria-level=\"1\"><b>Finalidad y legitimaci\u00f3n:\u00a0<\/b>El tratamiento que\u00a0clusterfamilyoffice.com llevar\u00e1 a cabo con los\u00a0datos dentro de cada una de las referidas redes ser\u00e1, como m\u00e1ximo, el que la red social permita a los perfiles corporativos. As\u00ed pues,\u00a0clusterfamilyoffice.com podr\u00e1 informar, cuando la ley no lo proh\u00edba, a sus seguidores por cualquier v\u00eda que la red social permita sobre sus actividades, ponencias, ofertas, as\u00ed como prestar servicio personalizado de atenci\u00f3n al cliente.<\/li><li aria-level=\"1\"><b>Extracci\u00f3n de datos:\u00a0<\/b>En ning\u00fan caso clusterfamilyoffice.com extraer\u00e1 datos de las redes sociales, a menos que se obtuviera puntual y expresamente el consentimiento del usuario para ello.<\/li><li aria-level=\"1\"><b>Derechos:\u00a0<\/b>Cuando, debido a la propia naturaleza de las redes sociales, el ejercicio efectivo de los derechos de protecci\u00f3n de datos del seguidor quede supeditado a la modificaci\u00f3n del perfil personal de este, clusterfamilyoffice.com te ayudar\u00e1 y aconsejar\u00e1 a tal fin en la medida de sus posibilidades.<\/li><\/ul><p>Encargados del tratamiento fuera de la UE<\/p><ul><li aria-level=\"1\"><b>Almacenamiento\u00a0y cifrado.\u00a0<\/b>clusterfamilyoffice.com utiliza servicios de\u00a0almacenamiento cifrado de\u00a0<a href=\"https:\/\/www.google.com\/intl\/es\/about\/company\/\" target=\"_blank\" rel=\"noopener\">Google Inc\u00a0<\/a>a trav\u00e9s de\u00a0<a href=\"https:\/\/www.google.com\/intl\/es_es\/drive\/\" target=\"_blank\" rel=\"noopener\">Google Drive<\/a>.<\/li><li aria-level=\"1\"><b>Correo electr\u00f3nico.\u00a0<\/b>El servicio de correo electr\u00f3nico de clusterfamilyoffice.com se presta usando los servicios de\u00a0<a href=\"https:\/\/www.google.es\/intl\/es\/about\/\" target=\"_blank\" rel=\"noopener\">Google Inc.<\/a>\u00a0a trav\u00e9s de Google Apps.<\/li><li aria-level=\"1\"><b>Redes Sociales.\u00a0<\/b>clusterfamilyoffice.com hace uso de las redes sociales estadounidenses YouTube, Facebook y Twitter, a quien se realiza una transferencia internacional de datos,\u00a0de tipo anal\u00edticos y t\u00e9cnicos en relaci\u00f3n con el sitio web siendo en sus servidores en los que clusterfamilyoffice.com trata los datos que, a trav\u00e9s de ellas, los usuarios, suscriptores o navegantes entregan a la firma clusterfamilyoffice.com o comparten con esta.<\/li><\/ul><p><b>\u00a0<\/b><\/p><p>Compromisos y obligaciones con nuestros usuarios<\/p><p>El acceso y\/o uso de\u00a0clusterfamilyoffice.com atribuye a quien lo realiza la condici\u00f3n de usuario, aceptando, desde este mismo momento, plenamente y sin reserva alguna, el presente aviso legal en relaci\u00f3n con determinados servicios y contenidos de clusterfamilyoffice.com.<\/p><p>En la utilizaci\u00f3n de clusterfamilyoffice.com el usuario se compromete a no llevar a cabo ninguna conducta que pudiera da\u00f1ar la imagen, los intereses y los derechos de clusterfamilyoffice.com o de terceros o que pudiera da\u00f1ar, inutilizar o sobrecargar el portal clusterfamilyoffice.com o que impidiera, de cualquier forma, la normal utilizaci\u00f3n de clusterfamilyoffice.com.<\/p>\t\t\t\t\t\t\t\t<\/div>\n\t\t\t\t<\/div>\n\t\t\t\t<\/div>\n\t\t<div class=\"elementor-element elementor-element-a2871e4 e-con-full e-flex e-con e-child\" data-id=\"a2871e4\" data-element_type=\"container\" data-e-type=\"container\">\n\t\t\t\t<div class=\"elementor-element elementor-element-9213848 elementor-widget elementor-widget-heading\" data-id=\"9213848\" data-element_type=\"widget\" data-e-type=\"widget\" data-widget_type=\"heading.default\">\n\t\t\t\t<div class=\"elementor-widget-container\">\n\t\t\t\t\t<h3 class=\"elementor-heading-title elementor-size-default\">Shall we help you search?<\/h3>\t\t\t\t<\/div>\n\t\t\t\t<\/div>\n\t\t\t\t<div class=\"elementor-element elementor-element-9cc816e elementor-widget elementor-widget-wp-widget-search\" data-id=\"9cc816e\" data-element_type=\"widget\" data-e-type=\"widget\" data-widget_type=\"wp-widget-search.default\">\n\t\t\t\t<div class=\"elementor-widget-container\">\n\t\t\t\t\t<form role=\"search\" method=\"get\" class=\"search-form\" action=\"https:\/\/clusterfamilyoffice.com\/en\/\" data-trp-original-action=\"https:\/\/clusterfamilyoffice.com\/en\/\">\n\t\t\t\t<label>\n\t\t\t\t\t<span class=\"screen-reader-text\">Search for:<\/span>\n\t\t\t\t\t<input type=\"search\" class=\"search-field\" placeholder=\"Search &hellip;\" value=\"\" name=\"s\" \/>\n\t\t\t\t<\/label>\n\t\t\t\t<input type=\"submit\" class=\"search-submit\" value=\"Search\" \/>\n\t\t\t<input type=\"hidden\" name=\"trp-form-language\" value=\"en\"\/><\/form>\t\t\t\t<\/div>\n\t\t\t\t<\/div>\n\t\t\t\t<div class=\"elementor-element elementor-element-b4eb673 elementor-widget elementor-widget-heading\" data-id=\"b4eb673\" data-element_type=\"widget\" data-e-type=\"widget\" data-widget_type=\"heading.default\">\n\t\t\t\t<div class=\"elementor-widget-container\">\n\t\t\t\t\t<h3 class=\"elementor-heading-title elementor-size-default\">Cluster Family Office\n<\/h3>\t\t\t\t<\/div>\n\t\t\t\t<\/div>\n\t\t\t\t<div class=\"elementor-element elementor-element-767aa0e elementor-widget__width-initial elementor-widget elementor-widget-text-editor\" data-id=\"767aa0e\" data-element_type=\"widget\" data-e-type=\"widget\" data-widget_type=\"text-editor.default\">\n\t\t\t\t<div class=\"elementor-widget-container\">\n\t\t\t\t\t\t\t\t\t<p>We care about transparency both in management and in our own way of working. Leading wealth management and family offices company<\/p>\t\t\t\t\t\t\t\t<\/div>\n\t\t\t\t<\/div>\n\t\t<div class=\"elementor-element elementor-element-333b90f e-con-full e-flex e-con e-child\" data-id=\"333b90f\" data-element_type=\"container\" data-e-type=\"container\" data-settings=\"{&quot;background_background&quot;:&quot;classic&quot;}\">\n\t\t\t\t<div class=\"elementor-element elementor-element-f3a3386 elementor-widget elementor-widget-heading\" data-id=\"f3a3386\" data-element_type=\"widget\" data-e-type=\"widget\" data-widget_type=\"heading.default\">\n\t\t\t\t<div class=\"elementor-widget-container\">\n\t\t\t\t\t<h3 class=\"elementor-heading-title elementor-size-default\">Do you need help in capital and wealth management?<\/h3>\t\t\t\t<\/div>\n\t\t\t\t<\/div>\n\t\t\t\t<div class=\"elementor-element elementor-element-976638b elementor-widget elementor-widget-button\" data-id=\"976638b\" data-element_type=\"widget\" data-e-type=\"widget\" data-widget_type=\"button.default\">\n\t\t\t\t<div class=\"elementor-widget-container\">\n\t\t\t\t\t\t\t\t\t<div class=\"elementor-button-wrapper\">\n\t\t\t\t\t<a class=\"elementor-button elementor-button-link elementor-size-sm\" href=\"https:\/\/clusterfamilyoffice.com\/en\/contacto\/\">\n\t\t\t\t\t\t<span class=\"elementor-button-content-wrapper\">\n\t\t\t\t\t\t\t\t\t<span class=\"elementor-button-text\">We call you<\/span>\n\t\t\t\t\t<\/span>\n\t\t\t\t\t<\/a>\n\t\t\t\t<\/div>\n\t\t\t\t\t\t\t\t<\/div>\n\t\t\t\t<\/div>\n\t\t\t\t<\/div>\n\t\t<a class=\"elementor-element elementor-element-b6402e3 e-con-full e-flex e-con e-child\" data-id=\"b6402e3\" data-element_type=\"container\" data-e-type=\"container\" data-settings=\"{&quot;background_background&quot;:&quot;classic&quot;}\" href=\"\/en\/contacto\/\">\n\t\t\t\t<div class=\"elementor-element elementor-element-a959072 elementor-widget__width-initial elementor-widget elementor-widget-heading\" data-id=\"a959072\" data-element_type=\"widget\" data-e-type=\"widget\" data-widget_type=\"heading.default\">\n\t\t\t\t<div class=\"elementor-widget-container\">\n\t\t\t\t\t<h3 class=\"elementor-heading-title elementor-size-default\">How can I avoid the negative effects that my fortune may have on my children?<\/h3>\t\t\t\t<\/div>\n\t\t\t\t<\/div>\n\t\t\t\t<\/a>\n\t\t<a class=\"elementor-element elementor-element-5221d7b e-con-full e-flex e-con e-child\" data-id=\"5221d7b\" data-element_type=\"container\" data-e-type=\"container\" data-settings=\"{&quot;background_background&quot;:&quot;classic&quot;}\" href=\"\/en\/contacto\/\">\n\t\t\t\t<div class=\"elementor-element elementor-element-4a78414 elementor-widget__width-initial elementor-widget elementor-widget-heading\" data-id=\"4a78414\" data-element_type=\"widget\" data-e-type=\"widget\" data-widget_type=\"heading.default\">\n\t\t\t\t<div class=\"elementor-widget-container\">\n\t\t\t\t\t<h3 class=\"elementor-heading-title elementor-size-default\">How and when should I talk to my children about family wealth, and what relationship should they have with money throughout their adolescence?<\/h3>\t\t\t\t<\/div>\n\t\t\t\t<\/div>\n\t\t\t\t<\/a>\n\t\t<a class=\"elementor-element elementor-element-e8b73a0 e-con-full e-flex e-con e-child\" data-id=\"e8b73a0\" data-element_type=\"container\" data-e-type=\"container\" data-settings=\"{&quot;background_background&quot;:&quot;classic&quot;}\" href=\"\/en\/contacto\/\">\n\t\t\t\t<div class=\"elementor-element elementor-element-889637d elementor-widget__width-initial elementor-widget elementor-widget-heading\" data-id=\"889637d\" data-element_type=\"widget\" data-e-type=\"widget\" data-widget_type=\"heading.default\">\n\t\t\t\t<div class=\"elementor-widget-container\">\n\t\t\t\t\t<h3 class=\"elementor-heading-title elementor-size-default\">How can I measure the real risks of my investments and protect my assets adequately?<\/h3>\t\t\t\t<\/div>\n\t\t\t\t<\/div>\n\t\t\t\t<\/a>\n\t\t<a class=\"elementor-element elementor-element-58ffa57 e-con-full e-flex e-con e-child\" data-id=\"58ffa57\" data-element_type=\"container\" data-e-type=\"container\" data-settings=\"{&quot;background_background&quot;:&quot;classic&quot;}\" href=\"\/en\/contacto\/\">\n\t\t\t\t<div class=\"elementor-element elementor-element-33362d2 elementor-widget__width-initial elementor-widget elementor-widget-heading\" data-id=\"33362d2\" data-element_type=\"widget\" data-e-type=\"widget\" data-widget_type=\"heading.default\">\n\t\t\t\t<div class=\"elementor-widget-container\">\n\t\t\t\t\t<h3 class=\"elementor-heading-title elementor-size-default\">Do I have sufficient liquidity and stable income to cover my needs on a permanent basis?<\/h3>\t\t\t\t<\/div>\n\t\t\t\t<\/div>\n\t\t\t\t<\/a>\n\t\t\t\t<\/div>\n\t\t\t\t\t<\/div>\n\t\t\t\t<\/div>\n\t\t\t\t<\/div>","protected":false},"excerpt":{"rendered":"<p>Pol\u00edtica de privacidad POL\u00cdTICA DE PRIVACIDAD TITULAR DE LA WEB Su denominaci\u00f3n social es:\u00a0 Cluster Family Office, S.L\u00a0 Su CIF: B64727142 Su actividad social es: Otros servicios independientes. Correo electr\u00f3nico:\u00a0info@clusterfamilyoffice.com Finalidad de sitio web: informaci\u00f3n comercial, informaci\u00f3n. PROTECCI\u00d3N DE DATOS PERSONALES Responsable del tratamiento Datos de contacto del responsable:\u00a0Gian Amato Correo electr\u00f3nico de contacto:\u00a0info@clusterfamilyoffice.com\u00a0 TUS [&hellip;]<\/p>\n","protected":false},"author":4,"featured_media":0,"parent":0,"menu_order":0,"comment_status":"closed","ping_status":"closed","template":"elementor_header_footer","meta":{"footnotes":""},"class_list":["post-23043","page","type-page","status-publish","hentry"],"_links":{"self":[{"href":"https:\/\/clusterfamilyoffice.com\/en\/wp-json\/wp\/v2\/pages\/23043","targetHints":{"allow":["GET"]}}],"collection":[{"href":"https:\/\/clusterfamilyoffice.com\/en\/wp-json\/wp\/v2\/pages"}],"about":[{"href":"https:\/\/clusterfamilyoffice.com\/en\/wp-json\/wp\/v2\/types\/page"}],"author":[{"embeddable":true,"href":"https:\/\/clusterfamilyoffice.com\/en\/wp-json\/wp\/v2\/users\/4"}],"replies":[{"embeddable":true,"href":"https:\/\/clusterfamilyoffice.com\/en\/wp-json\/wp\/v2\/comments?post=23043"}],"version-history":[{"count":0,"href":"https:\/\/clusterfamilyoffice.com\/en\/wp-json\/wp\/v2\/pages\/23043\/revisions"}],"wp:attachment":[{"href":"https:\/\/clusterfamilyoffice.com\/en\/wp-json\/wp\/v2\/media?parent=23043"}],"curies":[{"name":"wp","href":"https:\/\/api.w.org\/{rel}","templated":true}]}}